{"id":16143,"date":"2024-06-14T15:41:53","date_gmt":"2024-06-14T15:41:53","guid":{"rendered":"https:\/\/burbujassantander.com\/?page_id=16143"},"modified":"2024-08-05T11:46:52","modified_gmt":"2024-08-05T11:46:52","slug":"acerca-de","status":"publish","type":"page","link":"https:\/\/burbujassantander.com\/en\/acerca-de\/","title":{"rendered":"About"},"content":{"rendered":"<div data-elementor-type=\"wp-page\" data-elementor-id=\"16143\" class=\"elementor elementor-16143\" data-elementor-post-type=\"page\">\n\t\t\t\t<div class=\"elementor-element elementor-element-13732646 e-con-full wrpm maindiv e-flex e-con e-parent\" data-id=\"13732646\" data-element_type=\"container\" data-e-type=\"container\">\n\t\t<div class=\"elementor-element elementor-element-2d5a3891 e-con-full e-flex e-con e-child\" data-id=\"2d5a3891\" data-element_type=\"container\" data-e-type=\"container\">\n\t\t<div class=\"elementor-element elementor-element-3bc609c9 e-con-full e-flex e-con e-child\" data-id=\"3bc609c9\" data-element_type=\"container\" data-e-type=\"container\">\n\t\t\t\t<div class=\"elementor-element elementor-element-447cff3a elementor-widget elementor-widget-image\" data-id=\"447cff3a\" data-element_type=\"widget\" data-e-type=\"widget\" data-widget_type=\"image.default\">\n\t\t\t\t<div class=\"elementor-widget-container\">\n\t\t\t\t\t\t\t\t\t\t\t\t\t\t\t<img decoding=\"async\" width=\"129\" height=\"127\" src=\"https:\/\/burbujassantander.com\/wp-content\/uploads\/2024\/08\/dws-copia.jpg\" class=\"attachment-full size-full wp-image-16387\" alt=\"\">\t\t\t\t\t\t\t\t\t\t\t\t\t\t\t<\/div>\n\t\t\t\t<\/div>\n\t\t\t\t<\/div>\n\t\t<div class=\"elementor-element elementor-element-531ee053 e-con-full e-flex e-con e-child\" data-id=\"531ee053\" data-element_type=\"container\" data-e-type=\"container\">\n\t\t\t\t<div class=\"elementor-element elementor-element-1bbf8e59 color-scheme-inherit text-left elementor-widget elementor-widget-text-editor\" data-id=\"1bbf8e59\" data-element_type=\"widget\" data-e-type=\"widget\" data-widget_type=\"text-editor.default\">\n\t\t\t\t<div class=\"elementor-widget-container\">\n\t\t\t\t\t\t\t\t\t<p><a href=\"http:\/\/dise%C3%B1owebsantander.com\" target=\"_blank\" rel=\"noopener\">Dise\u00f1o y desarrollo web<\/a> realizado por Dise\u00f1o Web Santander<\/p><p>Tel\u00e9fono: <a href=\"tel:644806181\">644806181<\/a><\/p><p>info@dise\u00f1owebsantander.com<\/p>\t\t\t\t\t\t\t\t<\/div>\n\t\t\t\t<\/div>\n\t\t\t\t<\/div>\n\t\t\t\t<\/div>\n\t\t\t\t<\/div>\n\t\t\t\t<\/div>","protected":false},"excerpt":{"rendered":"<p>Dise\u00f1o y desarrollo web realizado por Dise\u00f1o Web Santander Tel\u00e9fono: 644806181 info@dise\u00f1owebsantander.com<\/p>","protected":false},"author":3,"featured_media":0,"parent":0,"menu_order":0,"comment_status":"closed","ping_status":"closed","template":"elementor_header_footer","meta":{"_joinchat":[],"footnotes":""},"class_list":["post-16143","page","type-page","status-publish","hentry"],"yoast_head":"<!-- This site is optimized with the Yoast SEO plugin v27.3 - https:\/\/yoast.com\/product\/yoast-seo-wordpress\/ -->\n<title>Acerca de - Burbujas Santander<\/title>\n<meta name=\"robots\" content=\"index, follow, max-snippet:-1, max-image-preview:large, max-video-preview:-1\" \/>\n<link rel=\"canonical\" href=\"https:\/\/burbujassantander.com\/en\/acerca-de\/\" \/>\n<meta property=\"og:locale\" content=\"en_US\" \/>\n<meta property=\"og:type\" content=\"article\" \/>\n<meta property=\"og:title\" content=\"Acerca de - Burbujas Santander\" \/>\n<meta property=\"og:description\" content=\"Dise\u00f1o y desarrollo web realizado por Dise\u00f1o Web Santander Tel\u00e9fono: 644806181 info@dise\u00f1owebsantander.com\" \/>\n<meta property=\"og:url\" content=\"https:\/\/burbujassantander.com\/en\/acerca-de\/\" \/>\n<meta property=\"og:site_name\" content=\"Burbujas Santander\" \/>\n<meta property=\"article:modified_time\" content=\"2024-08-05T11:46:52+00:00\" \/>\n<meta property=\"og:image\" content=\"https:\/\/burbujassantander.com\/wp-content\/uploads\/2024\/08\/dws-copia.jpg\" \/>\n<meta name=\"twitter:card\" content=\"summary_large_image\" \/>\n<script type=\"application\/ld+json\" class=\"yoast-schema-graph\">{\"@context\":\"https:\\\/\\\/schema.org\",\"@graph\":[{\"@type\":\"WebPage\",\"@id\":\"https:\\\/\\\/burbujassantander.com\\\/acerca-de\\\/\",\"url\":\"https:\\\/\\\/burbujassantander.com\\\/acerca-de\\\/\",\"name\":\"Acerca de - Burbujas Santander\",\"isPartOf\":{\"@id\":\"https:\\\/\\\/burbujassantander.com\\\/#website\"},\"primaryImageOfPage\":{\"@id\":\"https:\\\/\\\/burbujassantander.com\\\/acerca-de\\\/#primaryimage\"},\"image\":{\"@id\":\"https:\\\/\\\/burbujassantander.com\\\/acerca-de\\\/#primaryimage\"},\"thumbnailUrl\":\"https:\\\/\\\/burbujassantander.com\\\/wp-content\\\/uploads\\\/2024\\\/08\\\/dws-copia.jpg\",\"datePublished\":\"2024-06-14T15:41:53+00:00\",\"dateModified\":\"2024-08-05T11:46:52+00:00\",\"breadcrumb\":{\"@id\":\"https:\\\/\\\/burbujassantander.com\\\/acerca-de\\\/#breadcrumb\"},\"inLanguage\":\"en-US\",\"potentialAction\":[{\"@type\":\"ReadAction\",\"target\":[\"https:\\\/\\\/burbujassantander.com\\\/acerca-de\\\/\"]}]},{\"@type\":\"ImageObject\",\"inLanguage\":\"en-US\",\"@id\":\"https:\\\/\\\/burbujassantander.com\\\/acerca-de\\\/#primaryimage\",\"url\":\"https:\\\/\\\/burbujassantander.com\\\/wp-content\\\/uploads\\\/2024\\\/08\\\/dws-copia.jpg\",\"contentUrl\":\"https:\\\/\\\/burbujassantander.com\\\/wp-content\\\/uploads\\\/2024\\\/08\\\/dws-copia.jpg\"},{\"@type\":\"BreadcrumbList\",\"@id\":\"https:\\\/\\\/burbujassantander.com\\\/acerca-de\\\/#breadcrumb\",\"itemListElement\":[{\"@type\":\"ListItem\",\"position\":1,\"name\":\"Portada\",\"item\":\"https:\\\/\\\/burbujassantander.com\\\/\"},{\"@type\":\"ListItem\",\"position\":2,\"name\":\"Acerca de\"}]},{\"@type\":\"WebSite\",\"@id\":\"https:\\\/\\\/burbujassantander.com\\\/#website\",\"url\":\"https:\\\/\\\/burbujassantander.com\\\/\",\"name\":\"Burbujas Santander\",\"description\":\"Burbujas Santander - Inicio\",\"publisher\":{\"@id\":\"https:\\\/\\\/burbujassantander.com\\\/#organization\"},\"potentialAction\":[{\"@type\":\"SearchAction\",\"target\":{\"@type\":\"EntryPoint\",\"urlTemplate\":\"https:\\\/\\\/burbujassantander.com\\\/?s={search_term_string}\"},\"query-input\":{\"@type\":\"PropertyValueSpecification\",\"valueRequired\":true,\"valueName\":\"search_term_string\"}}],\"inLanguage\":\"en-US\"},{\"@type\":\"Organization\",\"@id\":\"https:\\\/\\\/burbujassantander.com\\\/#organization\",\"name\":\"Burbujas Santander\",\"url\":\"https:\\\/\\\/burbujassantander.com\\\/\",\"logo\":{\"@type\":\"ImageObject\",\"inLanguage\":\"en-US\",\"@id\":\"https:\\\/\\\/burbujassantander.com\\\/#\\\/schema\\\/logo\\\/image\\\/\",\"url\":\"https:\\\/\\\/burbujassantander.com\\\/wp-content\\\/uploads\\\/2024\\\/06\\\/cropped-logo-persianas-santander-removebg-preview.png\",\"contentUrl\":\"https:\\\/\\\/burbujassantander.com\\\/wp-content\\\/uploads\\\/2024\\\/06\\\/cropped-logo-persianas-santander-removebg-preview.png\",\"width\":150,\"height\":150,\"caption\":\"Burbujas Santander\"},\"image\":{\"@id\":\"https:\\\/\\\/burbujassantander.com\\\/#\\\/schema\\\/logo\\\/image\\\/\"}}]}<\/script>\n<!-- \/ Yoast SEO plugin. -->","yoast_head_json":{"title":"Acerca de - Burbujas Santander","robots":{"index":"index","follow":"follow","max-snippet":"max-snippet:-1","max-image-preview":"max-image-preview:large","max-video-preview":"max-video-preview:-1"},"canonical":"https:\/\/burbujassantander.com\/en\/acerca-de\/","og_locale":"en_US","og_type":"article","og_title":"Acerca de - Burbujas Santander","og_description":"Dise\u00f1o y desarrollo web realizado por Dise\u00f1o Web Santander Tel\u00e9fono: 644806181 info@dise\u00f1owebsantander.com","og_url":"https:\/\/burbujassantander.com\/en\/acerca-de\/","og_site_name":"Burbujas Santander","article_modified_time":"2024-08-05T11:46:52+00:00","og_image":[{"url":"https:\/\/burbujassantander.com\/wp-content\/uploads\/2024\/08\/dws-copia.jpg","type":"","width":"","height":""}],"twitter_card":"summary_large_image","schema":{"@context":"https:\/\/schema.org","@graph":[{"@type":"WebPage","@id":"https:\/\/burbujassantander.com\/acerca-de\/","url":"https:\/\/burbujassantander.com\/acerca-de\/","name":"Acerca de - Burbujas Santander","isPartOf":{"@id":"https:\/\/burbujassantander.com\/#website"},"primaryImageOfPage":{"@id":"https:\/\/burbujassantander.com\/acerca-de\/#primaryimage"},"image":{"@id":"https:\/\/burbujassantander.com\/acerca-de\/#primaryimage"},"thumbnailUrl":"https:\/\/burbujassantander.com\/wp-content\/uploads\/2024\/08\/dws-copia.jpg","datePublished":"2024-06-14T15:41:53+00:00","dateModified":"2024-08-05T11:46:52+00:00","breadcrumb":{"@id":"https:\/\/burbujassantander.com\/acerca-de\/#breadcrumb"},"inLanguage":"en-US","potentialAction":[{"@type":"ReadAction","target":["https:\/\/burbujassantander.com\/acerca-de\/"]}]},{"@type":"ImageObject","inLanguage":"en-US","@id":"https:\/\/burbujassantander.com\/acerca-de\/#primaryimage","url":"https:\/\/burbujassantander.com\/wp-content\/uploads\/2024\/08\/dws-copia.jpg","contentUrl":"https:\/\/burbujassantander.com\/wp-content\/uploads\/2024\/08\/dws-copia.jpg"},{"@type":"BreadcrumbList","@id":"https:\/\/burbujassantander.com\/acerca-de\/#breadcrumb","itemListElement":[{"@type":"ListItem","position":1,"name":"Portada","item":"https:\/\/burbujassantander.com\/"},{"@type":"ListItem","position":2,"name":"Acerca de"}]},{"@type":"WebSite","@id":"https:\/\/burbujassantander.com\/#website","url":"https:\/\/burbujassantander.com\/","name":"Santander Bubbles","description":"Burbujas Santander - Inicio","publisher":{"@id":"https:\/\/burbujassantander.com\/#organization"},"potentialAction":[{"@type":"SearchAction","target":{"@type":"EntryPoint","urlTemplate":"https:\/\/burbujassantander.com\/?s={search_term_string}"},"query-input":{"@type":"PropertyValueSpecification","valueRequired":true,"valueName":"search_term_string"}}],"inLanguage":"en-US"},{"@type":"Organization","@id":"https:\/\/burbujassantander.com\/#organization","name":"Santander Bubbles","url":"https:\/\/burbujassantander.com\/","logo":{"@type":"ImageObject","inLanguage":"en-US","@id":"https:\/\/burbujassantander.com\/#\/schema\/logo\/image\/","url":"https:\/\/burbujassantander.com\/wp-content\/uploads\/2024\/06\/cropped-logo-persianas-santander-removebg-preview.png","contentUrl":"https:\/\/burbujassantander.com\/wp-content\/uploads\/2024\/06\/cropped-logo-persianas-santander-removebg-preview.png","width":150,"height":150,"caption":"Burbujas Santander"},"image":{"@id":"https:\/\/burbujassantander.com\/#\/schema\/logo\/image\/"}}]}},"_links":{"self":[{"href":"https:\/\/burbujassantander.com\/en\/wp-json\/wp\/v2\/pages\/16143","targetHints":{"allow":["GET"]}}],"collection":[{"href":"https:\/\/burbujassantander.com\/en\/wp-json\/wp\/v2\/pages"}],"about":[{"href":"https:\/\/burbujassantander.com\/en\/wp-json\/wp\/v2\/types\/page"}],"author":[{"embeddable":true,"href":"https:\/\/burbujassantander.com\/en\/wp-json\/wp\/v2\/users\/3"}],"replies":[{"embeddable":true,"href":"https:\/\/burbujassantander.com\/en\/wp-json\/wp\/v2\/comments?post=16143"}],"version-history":[{"count":10,"href":"https:\/\/burbujassantander.com\/en\/wp-json\/wp\/v2\/pages\/16143\/revisions"}],"predecessor-version":[{"id":16390,"href":"https:\/\/burbujassantander.com\/en\/wp-json\/wp\/v2\/pages\/16143\/revisions\/16390"}],"wp:attachment":[{"href":"https:\/\/burbujassantander.com\/en\/wp-json\/wp\/v2\/media?parent=16143"}],"curies":[{"name":"wp","href":"https:\/\/api.w.org\/{rel}","templated":true}]}}