{"id":16034,"date":"2024-05-29T14:08:24","date_gmt":"2024-05-29T14:08:24","guid":{"rendered":"https:\/\/burbujassantander.com\/?page_id=16034"},"modified":"2024-11-13T17:06:06","modified_gmt":"2024-11-13T17:06:06","slug":"politica-de-privacidad-y-aviso-legal","status":"publish","type":"page","link":"https:\/\/burbujassantander.com\/en\/politica-de-privacidad-y-aviso-legal\/","title":{"rendered":"Pol\u00edtica de Privacidad y Aviso Legal"},"content":{"rendered":"<div data-elementor-type=\"wp-page\" data-elementor-id=\"16034\" class=\"elementor elementor-16034\" data-elementor-post-type=\"page\">\n\t\t\t\t<div class=\"elementor-element elementor-element-1e26d4d e-con-full e-flex e-con e-parent\" data-id=\"1e26d4d\" data-element_type=\"container\" data-e-type=\"container\">\n\t\t<div class=\"elementor-element elementor-element-bebc2a5 e-con-full e-flex e-con e-child\" data-id=\"bebc2a5\" data-element_type=\"container\" data-e-type=\"container\">\n\t\t\t\t<div class=\"elementor-element elementor-element-b03b556 color-scheme-inherit text-left elementor-widget elementor-widget-text-editor\" data-id=\"b03b556\" data-element_type=\"widget\" data-e-type=\"widget\" data-widget_type=\"text-editor.default\">\n\t\t\t\t<div class=\"elementor-widget-container\">\n\t\t\t\t\t\t\t\t\t<p><strong>1. Introducci\u00f3n<\/strong><\/p>\n<p>Bienvenido a https:\/\/burbujassantander.com\/. Esta Pol\u00edtica de Privacidad explica las pr\u00e1cticas que seguimos para respetar la privacidad de todos los visitantes de nuestro sitio. En esta pol\u00edtica, nos comprometemos a proteger la informaci\u00f3n personal de los clientes y usuarios y a gestionarla de manera responsable. Al acceder a nuestro sitio, aceptas las pr\u00e1cticas descritas en esta Pol\u00edtica.<\/p>\n<p><strong>2. Datos recogidos<\/strong><\/p>\n<p>Operamos en cumplimiento con el RGPD y la LOPDGDD. Recogemos solo la informaci\u00f3n personal necesaria para cumplir con los servicios solicitados y solo mediante m\u00e9todos justos y legales. Los tipos de datos que recogemos pueden incluir:<\/p>\n<ul>\n<li>Nombre y apellidos.<\/li>\n<li>Informaci\u00f3n de contacto incluyendo correo electr\u00f3nico y n\u00famero de tel\u00e9fono.<\/li>\n<li>Direcci\u00f3n postal para la entrega de productos.<\/li>\n<li>Datos de pago (aunque estos no se almacenan en nuestros servidores, sino que son procesados directamente por nuestros proveedores de servicios de pago).<\/li>\n<\/ul>\n<p><strong>3. Uso de la informaci\u00f3n<\/strong><\/p>\n<p>Utilizamos la informaci\u00f3n recogida para:<\/p>\n<ul>\n<li>Procesar pedidos.<\/li>\n<li>Resolver dudas y ofrecer apoyo al cliente.<\/li>\n<li>Enviar informaci\u00f3n sobre productos o promociones, en caso de que hayas optado por recibir dicha informaci\u00f3n.<\/li>\n<li>Mejorar nuestros productos y servicios.<\/li>\n<\/ul>\n<p><strong>4. Consentimiento<\/strong><\/p>\n<p>Al rellenar los campos en nuestro sitio web, otorgas tu consentimiento claro y expreso para que recojamos, procesemos y utilicemos tus datos personales seg\u00fan lo descrito en esta pol\u00edtica.<\/p>\n<p><strong>5. Derechos del interesado<\/strong><\/p>\n<p>Puedes ejercer tus derechos de acceso, rectificaci\u00f3n, cancelaci\u00f3n y oposici\u00f3n contactando con nosotros en cualquier momento en info@burbujassantander.com, conforme a la legislaci\u00f3n espa\u00f1ola y el RGPD.<\/p>\n<p><strong>6. Seguridad de los datos<\/strong><\/p>\n<p>https:\/\/burbujassantander.com\/ toma las precauciones necesarias para proteger tus datos personales contra el uso indebido, la interferencia y la p\u00e9rdida, as\u00ed como el acceso, la modificaci\u00f3n o la divulgaci\u00f3n no autorizados. Usamos protocolos de seguridad est\u00e1ndar y tecnolog\u00eda para mejorar la seguridad y privacidad de tus datos.<\/p>\n<p><strong>7. Transferencias de datos<\/strong><\/p>\n<p>No transferimos datos personales fuera del Espacio Econ\u00f3mico Europeo (EEE) sin garantizar un nivel adecuado de protecci\u00f3n conforme a la legislaci\u00f3n europea.<\/p>\n<p><strong>8. Cambios en la pol\u00edtica de privacidad<\/strong><\/p>\n<p>Esta pol\u00edtica de privacidad puede ser actualizada ocasionalmente para reflejar los cambios en nuestras pr\u00e1cticas de privacidad y en la legislaci\u00f3n vigente. Si realizamos cambios, actualizaremos la fecha en la que la pol\u00edtica fue modificada por \u00faltima vez.<\/p>\n<p><strong>9. Contacto<\/strong><\/p>\n<p>Si tienes preguntas sobre esta pol\u00edtica de privacidad o sobre el tratamiento de tus datos personales, no dudes en contactarnos a trav\u00e9s de info@burbujassantander.com<\/p>\t\t\t\t\t\t\t\t<\/div>\n\t\t\t\t<\/div>\n\t\t\t\t<div class=\"elementor-element elementor-element-ee15cfd elementor-widget elementor-widget-heading\" data-id=\"ee15cfd\" data-element_type=\"widget\" data-e-type=\"widget\" id=\"avisolegal\" data-widget_type=\"heading.default\">\n\t\t\t\t<div class=\"elementor-widget-container\">\n\t\t\t\t\t<h2 class=\"elementor-heading-title elementor-size-default\">Legal Notice<\/h2>\t\t\t\t<\/div>\n\t\t\t\t<\/div>\n\t\t\t\t<div class=\"elementor-element elementor-element-0a0fd6a color-scheme-inherit text-left elementor-widget elementor-widget-text-editor\" data-id=\"0a0fd6a\" data-element_type=\"widget\" data-e-type=\"widget\" data-widget_type=\"text-editor.default\">\n\t\t\t\t<div class=\"elementor-widget-container\">\n\t\t\t\t\t\t\t\t\t<p><strong>1. Identificaci\u00f3n del titular del sitio web<\/strong><\/p><p>Nombre del titular: Hovhannes Nersesyan<br>NIF\/CIF:\u00a0Y5408535F<br>Domicilio:\u00a0Campogiro 90, Santander, 39011 <br>Correo electr\u00f3nico: info@burbujassantander.com <br>Tel\u00e9fono:\u00a0654990000<\/p><p><strong>2. Objeto<\/strong><\/p><p>El presente Aviso Legal regula el uso del sitio web https:\/\/burbujassantander.com, del que es titular\u00a0<span style=\"font-family: Lato, Arial, Helvetica, sans-serif; font-size: 14px; font-style: normal; font-variant-ligatures: normal; font-variant-caps: normal; font-weight: 400;\">Hovhannes Nersesyan<\/span>. La navegaci\u00f3n por el sitio web de\u00a0<span style=\"font-family: Lato, Arial, Helvetica, sans-serif; font-size: 14px; font-style: normal; font-variant-ligatures: normal; font-variant-caps: normal; font-weight: 400;\">Hovhannes Nersesyan<\/span>\u00a0atribuye la condici\u00f3n de usuario del mismo y conlleva la aceptaci\u00f3n plena y sin reservas de todas y cada una de las disposiciones incluidas en este Aviso Legal, que pueden sufrir modificaciones.<\/p><p><strong>3. Propiedad intelectual e industrial<\/strong><\/p><p>El sitio web, incluyendo a t\u00edtulo enunciativo, pero no limitativo su programaci\u00f3n, edici\u00f3n, compilaci\u00f3n y dem\u00e1s elementos necesarios para su funcionamiento, los dise\u00f1os, logotipos, texto y\/o gr\u00e1ficos son propiedad del responsable del sitio web o, en su caso, dispone de licencia o autorizaci\u00f3n expresa por parte de los autores. Todos los contenidos del sitio web se encuentran debidamente protegidos por la normativa de propiedad intelectual e industrial, as\u00ed como inscritos en los registros p\u00fablicos correspondientes.<\/p><p>Independientemente del prop\u00f3sito para el cual fueran destinados, la reproducci\u00f3n total o parcial, uso, explotaci\u00f3n, distribuci\u00f3n y comercializaci\u00f3n, requiere en todo caso de la autorizaci\u00f3n escrita previa por parte del titular del sitio web. Cualquier uso no autorizado previamente por parte del titular ser\u00e1 considerado un incumplimiento grave de los derechos de propiedad intelectual o industrial del autor.<\/p><p>Los dise\u00f1os, logotipos, texto y\/o gr\u00e1ficos ajenos al responsable y que pudieran aparecer en el sitio web, pertenecen a sus respectivos propietarios, siendo ellos mismos responsables de cualquier posible controversia que pudiera suscitarse respecto a los mismos. El titular del sitio web autoriza expresamente a terceros a redirigir directamente a los contenidos concretos del sitio web, y en todo caso a redirigir al sitio web principal de https:\/\/burbujassantander.com\/.<\/p><p><strong>4. Exclusi\u00f3n de responsabilidades<\/strong><\/p><p>El titular del sitio web se exime de cualquier tipo de responsabilidad derivada de la informaci\u00f3n publicada en su sitio web, siempre que esta informaci\u00f3n haya sido manipulada o introducida por un tercero ajeno al mismo.<\/p><p><strong>5. Ley aplicable y jurisdicci\u00f3n<\/strong><\/p><p>Para toda cuesti\u00f3n litigiosa que incumba al sitio web de<span style=\"font-family: Lato, Arial, Helvetica, sans-serif; font-size: 14px; font-style: normal; font-variant-ligatures: normal; font-variant-caps: normal; font-weight: 400;\">Hovhannes Nersesyan<\/span>, ser\u00e1 de aplicaci\u00f3n la legislaci\u00f3n espa\u00f1ola, siendo competentes los Tribunales y Juzgados m\u00e1s cercanos a Torrelavega.<\/p><p><strong>6. Modificaciones<\/strong><\/p><p><span style=\"font-family: Lato, Arial, Helvetica, sans-serif; font-size: 14px; font-style: normal; font-variant-ligatures: normal; font-variant-caps: normal; font-weight: 400; text-align: var(--text-align); background-color: var(--wd-main-bgcolor); color: var(--wd-text-color);\">Hovhannes Nersesyan<\/span>\u00a0se reserva el derecho de efectuar sin previo aviso las modificaciones que considere oportunas en su sitio web, pudiendo cambiar, suprimir o a\u00f1adir tanto los contenidos y servicios que se prestan a trav\u00e9s de la misma como la forma en la que estos aparecen presentados o localizados en su portal.<\/p>\t\t\t\t\t\t\t\t<\/div>\n\t\t\t\t<\/div>\n\t\t\t\t<\/div>\n\t\t\t\t<\/div>\n\t\t\t\t<\/div>","protected":false},"excerpt":{"rendered":"<p>1. Introducci\u00f3n Bienvenido a https:\/\/burbujassantander.com\/. Esta Pol\u00edtica de Privacidad explica las pr\u00e1cticas que seguimos para respetar la privacidad de todos<\/p>","protected":false},"author":3,"featured_media":0,"parent":0,"menu_order":0,"comment_status":"closed","ping_status":"closed","template":"","meta":{"_joinchat":[],"footnotes":""},"class_list":["post-16034","page","type-page","status-publish","hentry"],"yoast_head":"<!-- This site is optimized with the Yoast SEO plugin v27.3 - https:\/\/yoast.com\/product\/yoast-seo-wordpress\/ -->\n<title>Pol\u00edtica de Privacidad y Aviso Legal - Burbujas Santander<\/title>\n<meta name=\"robots\" content=\"index, follow, max-snippet:-1, max-image-preview:large, max-video-preview:-1\" \/>\n<link rel=\"canonical\" href=\"https:\/\/burbujassantander.com\/en\/politica-de-privacidad-y-aviso-legal\/\" \/>\n<meta property=\"og:locale\" content=\"en_US\" \/>\n<meta property=\"og:type\" content=\"article\" \/>\n<meta property=\"og:title\" content=\"Pol\u00edtica de Privacidad y Aviso Legal - Burbujas Santander\" \/>\n<meta property=\"og:description\" content=\"1. Introducci\u00f3n Bienvenido a https:\/\/burbujassantander.com\/. Esta Pol\u00edtica de Privacidad explica las pr\u00e1cticas que seguimos para respetar la privacidad de todos\" \/>\n<meta property=\"og:url\" content=\"https:\/\/burbujassantander.com\/en\/politica-de-privacidad-y-aviso-legal\/\" \/>\n<meta property=\"og:site_name\" content=\"Burbujas Santander\" \/>\n<meta property=\"article:modified_time\" content=\"2024-11-13T17:06:06+00:00\" \/>\n<meta name=\"twitter:card\" content=\"summary_large_image\" \/>\n<meta name=\"twitter:label1\" content=\"Est. reading time\" \/>\n\t<meta name=\"twitter:data1\" content=\"4 minutes\" \/>\n<script type=\"application\/ld+json\" class=\"yoast-schema-graph\">{\"@context\":\"https:\\\/\\\/schema.org\",\"@graph\":[{\"@type\":\"WebPage\",\"@id\":\"https:\\\/\\\/burbujassantander.com\\\/politica-de-privacidad-y-aviso-legal\\\/\",\"url\":\"https:\\\/\\\/burbujassantander.com\\\/politica-de-privacidad-y-aviso-legal\\\/\",\"name\":\"Pol\u00edtica de Privacidad y Aviso Legal - Burbujas Santander\",\"isPartOf\":{\"@id\":\"https:\\\/\\\/burbujassantander.com\\\/#website\"},\"datePublished\":\"2024-05-29T14:08:24+00:00\",\"dateModified\":\"2024-11-13T17:06:06+00:00\",\"breadcrumb\":{\"@id\":\"https:\\\/\\\/burbujassantander.com\\\/politica-de-privacidad-y-aviso-legal\\\/#breadcrumb\"},\"inLanguage\":\"en-US\",\"potentialAction\":[{\"@type\":\"ReadAction\",\"target\":[\"https:\\\/\\\/burbujassantander.com\\\/politica-de-privacidad-y-aviso-legal\\\/\"]}]},{\"@type\":\"BreadcrumbList\",\"@id\":\"https:\\\/\\\/burbujassantander.com\\\/politica-de-privacidad-y-aviso-legal\\\/#breadcrumb\",\"itemListElement\":[{\"@type\":\"ListItem\",\"position\":1,\"name\":\"Portada\",\"item\":\"https:\\\/\\\/burbujassantander.com\\\/\"},{\"@type\":\"ListItem\",\"position\":2,\"name\":\"Pol\u00edtica de Privacidad y Aviso Legal\"}]},{\"@type\":\"WebSite\",\"@id\":\"https:\\\/\\\/burbujassantander.com\\\/#website\",\"url\":\"https:\\\/\\\/burbujassantander.com\\\/\",\"name\":\"Burbujas Santander\",\"description\":\"Burbujas Santander - Inicio\",\"publisher\":{\"@id\":\"https:\\\/\\\/burbujassantander.com\\\/#organization\"},\"potentialAction\":[{\"@type\":\"SearchAction\",\"target\":{\"@type\":\"EntryPoint\",\"urlTemplate\":\"https:\\\/\\\/burbujassantander.com\\\/?s={search_term_string}\"},\"query-input\":{\"@type\":\"PropertyValueSpecification\",\"valueRequired\":true,\"valueName\":\"search_term_string\"}}],\"inLanguage\":\"en-US\"},{\"@type\":\"Organization\",\"@id\":\"https:\\\/\\\/burbujassantander.com\\\/#organization\",\"name\":\"Burbujas Santander\",\"url\":\"https:\\\/\\\/burbujassantander.com\\\/\",\"logo\":{\"@type\":\"ImageObject\",\"inLanguage\":\"en-US\",\"@id\":\"https:\\\/\\\/burbujassantander.com\\\/#\\\/schema\\\/logo\\\/image\\\/\",\"url\":\"https:\\\/\\\/burbujassantander.com\\\/wp-content\\\/uploads\\\/2024\\\/06\\\/cropped-logo-persianas-santander-removebg-preview.png\",\"contentUrl\":\"https:\\\/\\\/burbujassantander.com\\\/wp-content\\\/uploads\\\/2024\\\/06\\\/cropped-logo-persianas-santander-removebg-preview.png\",\"width\":150,\"height\":150,\"caption\":\"Burbujas Santander\"},\"image\":{\"@id\":\"https:\\\/\\\/burbujassantander.com\\\/#\\\/schema\\\/logo\\\/image\\\/\"}}]}<\/script>\n<!-- \/ Yoast SEO plugin. -->","yoast_head_json":{"title":"Pol\u00edtica de Privacidad y Aviso Legal - Burbujas Santander","robots":{"index":"index","follow":"follow","max-snippet":"max-snippet:-1","max-image-preview":"max-image-preview:large","max-video-preview":"max-video-preview:-1"},"canonical":"https:\/\/burbujassantander.com\/en\/politica-de-privacidad-y-aviso-legal\/","og_locale":"en_US","og_type":"article","og_title":"Pol\u00edtica de Privacidad y Aviso Legal - Burbujas Santander","og_description":"1. Introducci\u00f3n Bienvenido a https:\/\/burbujassantander.com\/. Esta Pol\u00edtica de Privacidad explica las pr\u00e1cticas que seguimos para respetar la privacidad de todos","og_url":"https:\/\/burbujassantander.com\/en\/politica-de-privacidad-y-aviso-legal\/","og_site_name":"Burbujas Santander","article_modified_time":"2024-11-13T17:06:06+00:00","twitter_card":"summary_large_image","twitter_misc":{"Est. reading time":"4 minutes"},"schema":{"@context":"https:\/\/schema.org","@graph":[{"@type":"WebPage","@id":"https:\/\/burbujassantander.com\/politica-de-privacidad-y-aviso-legal\/","url":"https:\/\/burbujassantander.com\/politica-de-privacidad-y-aviso-legal\/","name":"Pol\u00edtica de Privacidad y Aviso Legal - Burbujas Santander","isPartOf":{"@id":"https:\/\/burbujassantander.com\/#website"},"datePublished":"2024-05-29T14:08:24+00:00","dateModified":"2024-11-13T17:06:06+00:00","breadcrumb":{"@id":"https:\/\/burbujassantander.com\/politica-de-privacidad-y-aviso-legal\/#breadcrumb"},"inLanguage":"en-US","potentialAction":[{"@type":"ReadAction","target":["https:\/\/burbujassantander.com\/politica-de-privacidad-y-aviso-legal\/"]}]},{"@type":"BreadcrumbList","@id":"https:\/\/burbujassantander.com\/politica-de-privacidad-y-aviso-legal\/#breadcrumb","itemListElement":[{"@type":"ListItem","position":1,"name":"Portada","item":"https:\/\/burbujassantander.com\/"},{"@type":"ListItem","position":2,"name":"Pol\u00edtica de Privacidad y Aviso Legal"}]},{"@type":"WebSite","@id":"https:\/\/burbujassantander.com\/#website","url":"https:\/\/burbujassantander.com\/","name":"Santander Bubbles","description":"Burbujas Santander - Inicio","publisher":{"@id":"https:\/\/burbujassantander.com\/#organization"},"potentialAction":[{"@type":"SearchAction","target":{"@type":"EntryPoint","urlTemplate":"https:\/\/burbujassantander.com\/?s={search_term_string}"},"query-input":{"@type":"PropertyValueSpecification","valueRequired":true,"valueName":"search_term_string"}}],"inLanguage":"en-US"},{"@type":"Organization","@id":"https:\/\/burbujassantander.com\/#organization","name":"Santander Bubbles","url":"https:\/\/burbujassantander.com\/","logo":{"@type":"ImageObject","inLanguage":"en-US","@id":"https:\/\/burbujassantander.com\/#\/schema\/logo\/image\/","url":"https:\/\/burbujassantander.com\/wp-content\/uploads\/2024\/06\/cropped-logo-persianas-santander-removebg-preview.png","contentUrl":"https:\/\/burbujassantander.com\/wp-content\/uploads\/2024\/06\/cropped-logo-persianas-santander-removebg-preview.png","width":150,"height":150,"caption":"Burbujas Santander"},"image":{"@id":"https:\/\/burbujassantander.com\/#\/schema\/logo\/image\/"}}]}},"_links":{"self":[{"href":"https:\/\/burbujassantander.com\/en\/wp-json\/wp\/v2\/pages\/16034","targetHints":{"allow":["GET"]}}],"collection":[{"href":"https:\/\/burbujassantander.com\/en\/wp-json\/wp\/v2\/pages"}],"about":[{"href":"https:\/\/burbujassantander.com\/en\/wp-json\/wp\/v2\/types\/page"}],"author":[{"embeddable":true,"href":"https:\/\/burbujassantander.com\/en\/wp-json\/wp\/v2\/users\/3"}],"replies":[{"embeddable":true,"href":"https:\/\/burbujassantander.com\/en\/wp-json\/wp\/v2\/comments?post=16034"}],"version-history":[{"count":28,"href":"https:\/\/burbujassantander.com\/en\/wp-json\/wp\/v2\/pages\/16034\/revisions"}],"predecessor-version":[{"id":16684,"href":"https:\/\/burbujassantander.com\/en\/wp-json\/wp\/v2\/pages\/16034\/revisions\/16684"}],"wp:attachment":[{"href":"https:\/\/burbujassantander.com\/en\/wp-json\/wp\/v2\/media?parent=16034"}],"curies":[{"name":"wp","href":"https:\/\/api.w.org\/{rel}","templated":true}]}}